{"id":87,"date":"2014-03-02T20:26:09","date_gmt":"2014-03-02T20:26:09","guid":{"rendered":"http:\/\/www.helemik.cz\/?page_id=87"},"modified":"2025-10-09T11:09:10","modified_gmt":"2025-10-09T11:09:10","slug":"kontakt-2","status":"publish","type":"page","link":"https:\/\/www.helemik.cz\/?page_id=87","title":{"rendered":"Kontakt"},"content":{"rendered":"<h4 data-start=\"147\" data-end=\"184\"><strong data-start=\"151\" data-end=\"182\">HELEMIK Manufaktura, s.r.o.<\/strong><\/h4>\n<p data-start=\"185\" data-end=\"291\"><strong data-start=\"185\" data-end=\"208\">S\u00eddlo a provozovna:<\/strong><\/p>\n<p data-start=\"185\" data-end=\"291\">Brandlova 2247\/18, 767 01 Krom\u011b\u0159\u00ed\u017e<br data-start=\"245\" data-end=\"248\"><strong data-start=\"248\" data-end=\"256\">I\u010cO:<\/strong> 255 96 713<br data-start=\"267\" data-end=\"270\"><strong data-start=\"270\" data-end=\"278\">DI\u010c:<\/strong> CZ25596713<\/p>\n<h6>&nbsp;<\/h6>\n<hr data-start=\"293\" data-end=\"296\">\n<h4 data-start=\"298\" data-end=\"322\"><strong data-start=\"302\" data-end=\"320\">HELEMIK s.r.o.<\/strong><\/h4>\n<p data-start=\"323\" data-end=\"414\"><strong data-start=\"323\" data-end=\"333\">S\u00eddlo:<\/strong><br data-start=\"333\" data-end=\"336\">Kotojedsk\u00e1 2807, 767 01 Krom\u011b\u0159\u00ed\u017e<br data-start=\"368\" data-end=\"371\"><strong data-start=\"371\" data-end=\"379\">I\u010cO:<\/strong> 274 73 406&nbsp;<br data-start=\"390\" data-end=\"393\"><strong data-start=\"393\" data-end=\"401\">DI\u010c:<\/strong> CZ27473406<\/p>\n<hr data-start=\"416\" data-end=\"419\">\n<h4 data-start=\"421\" data-end=\"447\"><strong data-start=\"425\" data-end=\"447\">Veden\u00ed spole\u010dnosti<\/strong><\/h4>\n<p data-start=\"448\" data-end=\"514\"><strong data-start=\"448\" data-end=\"486\">MgA. et Mgr. Lenka Tomm Helem\u00edkov\u00e1<\/strong><br data-start=\"486\" data-end=\"489\">&#x1f4e7; <a class=\"decorated-link cursor-pointer\" rel=\"noopener\" data-start=\"492\" data-end=\"512\">lenka.tomm@gmail.com<\/a><\/p>\n<p data-start=\"516\" data-end=\"566\"><strong data-start=\"516\" data-end=\"542\">Jaroslav Helem\u00edk N\u011bmec<\/strong><br data-start=\"542\" data-end=\"545\">&#x2709;&#xfe0f; <a class=\"decorated-link cursor-pointer\" rel=\"noopener\" data-start=\"548\" data-end=\"564\">nemec@helemik.cz<\/a><\/p>\n<hr data-start=\"568\" data-end=\"571\">\n<h4 data-start=\"573\" data-end=\"598\"><strong data-start=\"577\" data-end=\"596\">Jesli\u010dky, z. s.<\/strong><\/h4>\n<p data-start=\"599\" data-end=\"668\"><strong data-start=\"599\" data-end=\"609\">S\u00eddlo:<\/strong><br data-start=\"609\" data-end=\"612\">Chropy\u0148sk\u00e1 1685, 767 01 Krom\u011b\u0159\u00ed\u017e<br data-start=\"644\" data-end=\"647\"><strong data-start=\"647\" data-end=\"655\">I\u010cO:<\/strong> 050 66 501<\/p>\n<p data-start=\"670\" data-end=\"762\"><strong data-start=\"670\" data-end=\"693\">P\u0159edsedkyn\u011b spolku:<\/strong><br data-start=\"693\" data-end=\"696\"><strong data-start=\"696\" data-end=\"734\">Mgr. et MgA. Lenka Tomm Helem\u00edkov\u00e1<\/strong><br data-start=\"734\" data-end=\"737\">&#x1f4e7; <a class=\"decorated-link cursor-pointer\" rel=\"noopener\" data-start=\"740\" data-end=\"760\">lenka.tomm@gmail.com<\/a><\/p>\n<hr data-start=\"764\" data-end=\"767\">\n<h4 data-start=\"769\" data-end=\"791\"><strong data-start=\"773\" data-end=\"791\">Dal\u0161\u00ed kontakty<\/strong><\/h4>\n<p data-start=\"792\" data-end=\"860\"><strong data-start=\"792\" data-end=\"811\">\u00da\u010detn\u00ed odd\u011blen\u00ed<\/strong> \u2013 Ing. Radana Pra\u017e\u00e1kov\u00e1<br data-start=\"835\" data-end=\"838\">&#x2709;&#xfe0f; <a class=\"decorated-link cursor-pointer\" rel=\"noopener\" data-start=\"841\" data-end=\"858\">ucetni@helemik.cz<\/a><\/p>\n<p data-start=\"862\" data-end=\"952\"><strong data-start=\"862\" data-end=\"881\">N\u00e1hradn\u00ed pln\u011bn\u00ed<\/strong> \u2013 Eva Vlachov\u00e1, DiS.<br data-start=\"902\" data-end=\"905\">&#x1f4de; 733 740 655<br data-start=\"919\" data-end=\"922\">&#x2709;&#xfe0f; <a class=\"decorated-link cursor-pointer\" rel=\"noopener\" data-start=\"925\" data-end=\"950\">nahradniplneni@helemik.cz<\/a><\/p>\n<p data-start=\"954\" data-end=\"1038\"><strong data-start=\"954\" data-end=\"972\">Personalistika<\/strong> \u2013 Ing. Lucie Bo\u0161<br data-start=\"996\" data-end=\"999\">&#x1f4de; 733 161 070<br data-start=\"1013\" data-end=\"1016\">&#x2709;&#xfe0f; <a class=\"decorated-link cursor-pointer\" rel=\"noopener\" data-start=\"1019\" data-end=\"1036\">bos@helemik.cz<\/a><\/p>\n<h6>&nbsp;<\/h6>\n<div>&nbsp;<\/div>\n<div id=\"skype_c2c_menu_container\" class=\"skype_c2c_menu_container\" style=\"display: none;\">\n<div class=\"skype_c2c_menu_click2call\"><a id=\"skype_c2c_menu_click2call_action\" class=\"skype_c2c_menu_click2call_action\"><\/a>Call<\/div>\n<div class=\"skype_c2c_menu_click2sms\"><a id=\"skype_c2c_menu_click2sms_action\" class=\"skype_c2c_menu_click2sms_action\"><\/a>Send SMS<\/div>\n<div class=\"skype_c2c_menu_add2skype\"><a id=\"skype_c2c_menu_add2skype_text\" class=\"skype_c2c_menu_add2skype_text\"><\/a>Add to Skype<\/div>\n<div class=\"skype_c2c_menu_toll_info\"><span class=\"skype_c2c_menu_toll_callcredit\">You&#8217;ll need Skype Credit<\/span><span class=\"skype_c2c_menu_toll_free\">Free via Skype<\/span><\/div>\n<\/div>\n","protected":false},"excerpt":{"rendered":"<p>HELEMIK Manufaktura, s.r.o. S\u00eddlo a provozovna: Brandlova 2247\/18, 767 01 Krom\u011b\u0159\u00ed\u017eI\u010cO: 255 96 713DI\u010c: CZ25596713 &nbsp; HELEMIK s.r.o. S\u00eddlo:Kotojedsk\u00e1 2807, 767 01 Krom\u011b\u0159\u00ed\u017eI\u010cO: 274 73 406&nbsp;DI\u010c: CZ27473406 Veden\u00ed spole\u010dnosti MgA. et Mgr. Lenka Tomm Helem\u00edkov\u00e1&#x1f4e7; lenka.tomm@gmail.com Jaroslav Helem\u00edk N\u011bmec&#x2709;&#xfe0f; nemec@helemik.cz Jesli\u010dky, z. s. S\u00eddlo:Chropy\u0148sk\u00e1 1685, 767 01 Krom\u011b\u0159\u00ed\u017eI\u010cO: 050 66 501 P\u0159edsedkyn\u011b spolku:Mgr. et MgA. &hellip; <\/p>\n<p class=\"link-more\"><a href=\"https:\/\/www.helemik.cz\/?page_id=87\" class=\"more-link\">Pokra\u010dovat ve \u010dten\u00ed<span class=\"screen-reader-text\"> &#8220;Kontakt&#8221;<\/span><\/a><\/p>\n","protected":false},"author":1,"featured_media":0,"parent":0,"menu_order":6,"comment_status":"closed","ping_status":"open","template":"","meta":{"ngg_post_thumbnail":0,"footnotes":""},"class_list":["post-87","page","type-page","status-publish","hentry"],"_links":{"self":[{"href":"https:\/\/www.helemik.cz\/index.php?rest_route=\/wp\/v2\/pages\/87","targetHints":{"allow":["GET"]}}],"collection":[{"href":"https:\/\/www.helemik.cz\/index.php?rest_route=\/wp\/v2\/pages"}],"about":[{"href":"https:\/\/www.helemik.cz\/index.php?rest_route=\/wp\/v2\/types\/page"}],"author":[{"embeddable":true,"href":"https:\/\/www.helemik.cz\/index.php?rest_route=\/wp\/v2\/users\/1"}],"replies":[{"embeddable":true,"href":"https:\/\/www.helemik.cz\/index.php?rest_route=%2Fwp%2Fv2%2Fcomments&post=87"}],"version-history":[{"count":64,"href":"https:\/\/www.helemik.cz\/index.php?rest_route=\/wp\/v2\/pages\/87\/revisions"}],"predecessor-version":[{"id":1265,"href":"https:\/\/www.helemik.cz\/index.php?rest_route=\/wp\/v2\/pages\/87\/revisions\/1265"}],"wp:attachment":[{"href":"https:\/\/www.helemik.cz\/index.php?rest_route=%2Fwp%2Fv2%2Fmedia&parent=87"}],"curies":[{"name":"wp","href":"https:\/\/api.w.org\/{rel}","templated":true}]}}