{"id":85,"date":"2014-03-02T20:26:07","date_gmt":"2014-03-02T20:26:07","guid":{"rendered":"http:\/\/www.helemik.cz\/?page_id=85"},"modified":"2025-10-09T10:07:42","modified_gmt":"2025-10-09T10:07:42","slug":"nabidky-zamestnani-2","status":"publish","type":"page","link":"https:\/\/www.helemik.cz\/?page_id=85","title":{"rendered":"Zam\u011bstn\u00e1n\u00ed"},"content":{"rendered":"<h3 data-start=\"514\" data-end=\"538\">Zam\u011bstn\u00e1n\u00ed v HELEMIKu &#8211; chcete pracovat u n\u00e1s?<\/h3>\n<h3><img loading=\"lazy\" decoding=\"async\" class=\"wp-image-1021  alignright\" src=\"http:\/\/www.helemik.cz\/wp-content\/uploads\/wpcf7_uploads\/shutterstock_1090521059-2-300x300.jpg\" alt=\"\" width=\"270\" height=\"270\" srcset=\"https:\/\/www.helemik.cz\/wp-content\/uploads\/wpcf7_uploads\/shutterstock_1090521059-2-300x300.jpg 300w, https:\/\/www.helemik.cz\/wp-content\/uploads\/wpcf7_uploads\/shutterstock_1090521059-2-150x150.jpg 150w, https:\/\/www.helemik.cz\/wp-content\/uploads\/wpcf7_uploads\/shutterstock_1090521059-2-768x768.jpg 768w, https:\/\/www.helemik.cz\/wp-content\/uploads\/wpcf7_uploads\/shutterstock_1090521059-2-1024x1024.jpg 1024w, https:\/\/www.helemik.cz\/wp-content\/uploads\/wpcf7_uploads\/shutterstock_1090521059-2-100x100.jpg 100w, https:\/\/www.helemik.cz\/wp-content\/uploads\/wpcf7_uploads\/shutterstock_1090521059-2.jpg 1080w\" sizes=\"auto, (max-width: 270px) 100vw, 270px\" \/><\/h3>\n<p data-start=\"567\" data-end=\"787\">Jsme <strong data-start=\"572\" data-end=\"591\">soci\u00e1ln\u00ed podnik<\/strong>, kter\u00fd d\u00e1v\u00e1 p\u0159\u00edle\u017eitost lidem se <strong data-start=\"625\" data-end=\"657\">zm\u011bn\u011bnou pracovn\u00ed schopnost\u00ed<\/strong>.<br data-start=\"658\" data-end=\"661\">Pokud hled\u00e1te stabiln\u00ed zam\u011bstn\u00e1n\u00ed, p\u0159\u00e1telsk\u00fd kolektiv a pr\u00e1ci, kter\u00e1 m\u00e1 smysl, m\u016f\u017ee b\u00fdt HELEMIK spr\u00e1vn\u00e9 m\u00edsto pr\u00e1v\u011b pro v\u00e1s.<\/p>\n<hr data-start=\"789\" data-end=\"792\">\n<h3 data-start=\"794\" data-end=\"817\">Kde m\u016f\u017eete pracovat<\/h3>\n<p data-start=\"818\" data-end=\"872\">Na\u0161i zam\u011bstnanci p\u016fsob\u00ed ve t\u0159ech hlavn\u00edch oblastech:<\/p>\n<ul data-start=\"873\" data-end=\"1177\">\n<li data-start=\"873\" data-end=\"975\">\n<p data-start=\"875\" data-end=\"975\">&#x1f9f0; <strong data-start=\"878\" data-end=\"893\">Manufaktura<\/strong> \u2013 opracov\u00e1n\u00ed a kompletace plastov\u00fdch v\u00fdrobk\u016f, mont\u00e1\u017en\u00ed pr\u00e1ce, balen\u00ed a t\u0159\u00edd\u011bn\u00ed.<\/p>\n<\/li>\n<li data-start=\"976\" data-end=\"1078\">\n<p data-start=\"978\" data-end=\"1078\">&#x1f372; <strong data-start=\"981\" data-end=\"994\">V\u00fdva\u0159ovna<\/strong> \u2013 p\u0159\u00edpravn\u00e9 pr\u00e1ce v kuchyni, pomoc p\u0159i va\u0159en\u00ed, v\u00fddej stravy, rozvoz j\u00eddel, \u00faklid.<\/p>\n<\/li>\n<li data-start=\"1079\" data-end=\"1177\">\n<p data-start=\"1081\" data-end=\"1177\">&#x1f9f8; <strong data-start=\"1084\" data-end=\"1096\">Jesli\u010dky<\/strong> \u2013 pomocn\u00e9 ch\u016fvy, \u00fadr\u017eba prostor, v\u00fddej stravy, pr\u00e1ce v \u00faklidu nebo na zahrad\u011b.<\/p>\n<\/li>\n<\/ul>\n<p data-start=\"1179\" data-end=\"1336\">Ve v\u0161ech provozech spolupracuj\u00ed lid\u00e9 se zdravotn\u00edm omezen\u00edm i zdrav\u00ed zam\u011bstnanci.<br data-start=\"1260\" data-end=\"1263\">Na\u0161\u00edm c\u00edlem je, aby m\u011bl ka\u017ed\u00fd mo\u017enost uplatnit se podle sv\u00fdch schopnost\u00ed.<\/p>\n<hr data-start=\"1338\" data-end=\"1341\">\n<h3 data-start=\"1343\" data-end=\"1361\">Jak postupovat<\/h3>\n<p data-start=\"1362\" data-end=\"1519\">Pokud v\u00e1s na\u0161e \u010dinnost zaujala, <strong data-start=\"1394\" data-end=\"1454\">kontaktujte na\u0161i personalistku \u2013 Ing. Lucii Bo\u0161.<\/strong><br data-start=\"1454\" data-end=\"1457\">Jej\u00ed e-mail a telefonn\u00ed \u010d\u00edslo najdete v sekci <a class=\"decorated-link\" href=\"https:\/\/www.helemik.cz\/?page_id=87\" rel=\"noopener\" data-start=\"1503\" data-end=\"1516\">Kontakty<\/a>.<\/p>\n<p data-start=\"1521\" data-end=\"1821\">P\u0159edt\u00edm, ne\u017e se ozvete, doporu\u010dujeme v\u00e1m <strong data-start=\"1562\" data-end=\"1600\">prostudovat si na\u0161e webov\u00e9 str\u00e1nky<\/strong>,<br data-start=\"1601\" data-end=\"1604\">abyste v\u011bd\u011bli, jak\u00e9 obory \u010dinnosti m\u00e1me a jak\u00e9 pracovn\u00ed pozice nab\u00edz\u00edme.<br data-start=\"1676\" data-end=\"1679\">O\u010dek\u00e1v\u00e1me, \u017ee uchaze\u010di se z\u00e1kladn\u011b zorientuj\u00ed v tom, <strong data-start=\"1732\" data-end=\"1751\">co HELEMIK d\u011bl\u00e1<\/strong> \u2013<br data-start=\"1753\" data-end=\"1756\">nefungujeme jako agentura, kde v\u0161echno vysv\u011btlujeme od za\u010d\u00e1tku.<\/p>\n<hr data-start=\"1823\" data-end=\"1826\">\n<h3 data-start=\"1828\" data-end=\"1847\">V\u00fdb\u011brov\u00e9 \u0159\u00edzen\u00ed<\/h3>\n<p data-start=\"1848\" data-end=\"2107\">1&#xfe0f;&#x20e3; <strong data-start=\"1852\" data-end=\"1885\">Vypln\u011bn\u00ed pracovn\u00edho dotazn\u00edku<\/strong><br data-start=\"1885\" data-end=\"1888\">Po kontaktov\u00e1n\u00ed personalistky v\u00e1m bude zasl\u00e1n kr\u00e1tk\u00fd <strong data-start=\"1941\" data-end=\"1962\">pracovn\u00ed dotazn\u00edk<\/strong> .<br data-start=\"1992\" data-end=\"1995\">V n\u011bm uchaze\u010d uvede z\u00e1kladn\u00ed \u00fadaje, sv\u00e9 zku\u0161enosti a tak\u00e9 <strong data-start=\"2053\" data-end=\"2074\">zdravotn\u00ed omezen\u00ed<\/strong> vypl\u00fdvaj\u00edc\u00ed z jeho invalidity.<\/p>\n<p data-start=\"2109\" data-end=\"2270\">2&#xfe0f;&#x20e3; <strong data-start=\"2113\" data-end=\"2140\">P\u0159edpoklady pro p\u0159ijet\u00ed<\/strong><br data-start=\"2140\" data-end=\"2143\">Zam\u011bstn\u00e1v\u00e1me pouze osoby se <strong data-start=\"2171\" data-end=\"2203\">zm\u011bn\u011bnou pracovn\u00ed schopnost\u00ed<\/strong>, kter\u00e9 maj\u00ed p\u0159iznan\u00fd <strong data-start=\"2225\" data-end=\"2267\">invalidn\u00ed d\u016fchod 1., 2. nebo 3. stupn\u011b<\/strong>.<\/p>\n<p data-start=\"2272\" data-end=\"2420\">3&#xfe0f;&#x20e3; <strong data-start=\"2276\" data-end=\"2300\">Prvn\u00ed kolo \u2013 pohovor<\/strong><br data-start=\"2300\" data-end=\"2303\">Prob\u00edh\u00e1 osobn\u011b s personalistkou. Slou\u017e\u00ed k sezn\u00e1men\u00ed, vyjasn\u011bn\u00ed mo\u017enost\u00ed a ov\u011b\u0159en\u00ed z\u00e1kladn\u00edch p\u0159edpoklad\u016f pro pr\u00e1ci.<\/p>\n<p data-start=\"2422\" data-end=\"2622\">4&#xfe0f;&#x20e3; <strong data-start=\"2426\" data-end=\"2456\">Druh\u00e9 kolo \u2013 zkou\u0161ka pr\u00e1ce<\/strong><br data-start=\"2456\" data-end=\"2459\">Uchaze\u010d si prakticky vyzkou\u0161\u00ed pracovn\u00ed \u010dinnost, aby se ov\u011b\u0159ilo, zda jeho <strong data-start=\"2532\" data-end=\"2588\">manu\u00e1ln\u00ed, zdravotn\u00ed, soci\u00e1ln\u00ed i psychick\u00e9 schopnosti<\/strong> odpov\u00eddaj\u00ed n\u00e1rok\u016fm dan\u00e9 pozice.<\/p>\n<p data-start=\"2624\" data-end=\"2856\">5&#xfe0f;&#x20e3; <strong data-start=\"2628\" data-end=\"2650\">L\u00e9ka\u0159sk\u00e1 prohl\u00eddka<\/strong><br data-start=\"2650\" data-end=\"2653\">P\u0159ed n\u00e1stupem do zam\u011bstn\u00e1n\u00ed uchaze\u010d absolvuje <strong data-start=\"2699\" data-end=\"2749\">vstupn\u00ed l\u00e9ka\u0159skou prohl\u00eddku u z\u00e1vodn\u00edho l\u00e9ka\u0159e<\/strong>.<br data-start=\"2750\" data-end=\"2753\">Teprve pokud l\u00e9ka\u0159 potvrd\u00ed zp\u016fsobilost pro danou pracovn\u00ed pozici, m\u016f\u017ee b\u00fdt uzav\u0159ena pracovn\u00ed smlouva.<\/p>\n<hr data-start=\"2858\" data-end=\"2861\">\n<h3 data-start=\"2863\" data-end=\"2890\">Co n\u00e1sleduje po p\u0159ijet\u00ed<\/h3>\n<ul data-start=\"2891\" data-end=\"3182\">\n<li data-start=\"2891\" data-end=\"2956\">\n<p data-start=\"2893\" data-end=\"2956\">pracovn\u00ed smlouva se obvykle uzav\u00edr\u00e1 <strong data-start=\"2929\" data-end=\"2953\">na dobu jednoho roku<\/strong>,<\/p>\n<\/li>\n<li data-start=\"2957\" data-end=\"3002\">\n<p data-start=\"2959\" data-end=\"3002\">sou\u010d\u00e1st\u00ed je <strong data-start=\"2971\" data-end=\"2999\">t\u0159\u00edm\u011bs\u00ed\u010dn\u00ed zku\u0161ebn\u00ed doba<\/strong>,<\/p>\n<\/li>\n<li data-start=\"3003\" data-end=\"3057\">\n<p data-start=\"3005\" data-end=\"3057\">ka\u017ed\u00fd nov\u00fd zam\u011bstnanec proch\u00e1z\u00ed <strong data-start=\"3037\" data-end=\"3054\">\u0161kolen\u00edm BOZP<\/strong>,<\/p>\n<\/li>\n<li data-start=\"3058\" data-end=\"3182\">\n<p data-start=\"3060\" data-end=\"3182\">po za\u0161kolen\u00ed je za\u0159azen na sv\u00e9 pracovn\u00ed m\u00edsto a m\u00e1 k dispozici <strong data-start=\"3123\" data-end=\"3147\">individu\u00e1ln\u00ed podporu<\/strong> mistrov\u00e9ho nebo vedouc\u00edho provozu.<\/p>\n<\/li>\n<\/ul>\n<hr data-start=\"3184\" data-end=\"3187\">\n<h3 data-start=\"3189\" data-end=\"3212\">Pro\u010d pracovat u n\u00e1s<\/h3>\n<ul data-start=\"3213\" data-end=\"3450\">\n<li data-start=\"3213\" data-end=\"3272\">\n<p data-start=\"3215\" data-end=\"3272\">p\u0159izp\u016fsobujeme pr\u00e1ci <strong data-start=\"3236\" data-end=\"3269\">zdravotn\u00edmu stavu zam\u011bstnanc\u016f<\/strong>,<\/p>\n<\/li>\n<li data-start=\"3273\" data-end=\"3332\">\n<p data-start=\"3275\" data-end=\"3332\">nab\u00edz\u00edme <strong data-start=\"3284\" data-end=\"3329\">stabiln\u00ed z\u00e1zem\u00ed a jistotu pravideln\u00e9 mzdy<\/strong>,<\/p>\n<\/li>\n<li data-start=\"3333\" data-end=\"3394\">\n<p data-start=\"3335\" data-end=\"3394\">zakl\u00e1d\u00e1me si na <strong data-start=\"3351\" data-end=\"3391\">f\u00e9rov\u00e9m p\u0159\u00edstupu a lidsk\u00e9m prost\u0159ed\u00ed<\/strong>,<\/p>\n<\/li>\n<li data-start=\"3395\" data-end=\"3450\">\n<p data-start=\"3397\" data-end=\"3450\">d\u00e1v\u00e1me mo\u017enost lidem, kte\u0159\u00ed jinde \u0161anci nedostanou.<\/p>\n<\/li>\n<\/ul>\n","protected":false},"excerpt":{"rendered":"<p>Zam\u011bstn\u00e1n\u00ed v HELEMIKu &#8211; chcete pracovat u n\u00e1s? Jsme soci\u00e1ln\u00ed podnik, kter\u00fd d\u00e1v\u00e1 p\u0159\u00edle\u017eitost lidem se zm\u011bn\u011bnou pracovn\u00ed schopnost\u00ed.Pokud hled\u00e1te stabiln\u00ed zam\u011bstn\u00e1n\u00ed, p\u0159\u00e1telsk\u00fd kolektiv a pr\u00e1ci, kter\u00e1 m\u00e1 smysl, m\u016f\u017ee b\u00fdt HELEMIK spr\u00e1vn\u00e9 m\u00edsto pr\u00e1v\u011b pro v\u00e1s. Kde m\u016f\u017eete pracovat Na\u0161i zam\u011bstnanci p\u016fsob\u00ed ve t\u0159ech hlavn\u00edch oblastech: &#x1f9f0; Manufaktura \u2013 opracov\u00e1n\u00ed a kompletace plastov\u00fdch v\u00fdrobk\u016f, &hellip; <\/p>\n<p class=\"link-more\"><a href=\"https:\/\/www.helemik.cz\/?page_id=85\" class=\"more-link\">Pokra\u010dovat ve \u010dten\u00ed<span class=\"screen-reader-text\"> &#8220;Zam\u011bstn\u00e1n\u00ed&#8221;<\/span><\/a><\/p>\n","protected":false},"author":1,"featured_media":0,"parent":8,"menu_order":0,"comment_status":"closed","ping_status":"closed","template":"","meta":{"ngg_post_thumbnail":0,"footnotes":""},"class_list":["post-85","page","type-page","status-publish","hentry"],"_links":{"self":[{"href":"https:\/\/www.helemik.cz\/index.php?rest_route=\/wp\/v2\/pages\/85","targetHints":{"allow":["GET"]}}],"collection":[{"href":"https:\/\/www.helemik.cz\/index.php?rest_route=\/wp\/v2\/pages"}],"about":[{"href":"https:\/\/www.helemik.cz\/index.php?rest_route=\/wp\/v2\/types\/page"}],"author":[{"embeddable":true,"href":"https:\/\/www.helemik.cz\/index.php?rest_route=\/wp\/v2\/users\/1"}],"replies":[{"embeddable":true,"href":"https:\/\/www.helemik.cz\/index.php?rest_route=%2Fwp%2Fv2%2Fcomments&post=85"}],"version-history":[{"count":65,"href":"https:\/\/www.helemik.cz\/index.php?rest_route=\/wp\/v2\/pages\/85\/revisions"}],"predecessor-version":[{"id":1243,"href":"https:\/\/www.helemik.cz\/index.php?rest_route=\/wp\/v2\/pages\/85\/revisions\/1243"}],"up":[{"embeddable":true,"href":"https:\/\/www.helemik.cz\/index.php?rest_route=\/wp\/v2\/pages\/8"}],"wp:attachment":[{"href":"https:\/\/www.helemik.cz\/index.php?rest_route=%2Fwp%2Fv2%2Fmedia&parent=85"}],"curies":[{"name":"wp","href":"https:\/\/api.w.org\/{rel}","templated":true}]}}