{"id":8,"date":"2014-03-02T19:53:06","date_gmt":"2014-03-02T19:53:06","guid":{"rendered":"http:\/\/www.helemik.cz\/?page_id=8"},"modified":"2025-10-09T09:49:04","modified_gmt":"2025-10-09T09:49:04","slug":"home","status":"publish","type":"page","link":"https:\/\/www.helemik.cz\/","title":{"rendered":"Home"},"content":{"rendered":"\n<p>HELEMIK \u2013 pr\u00e1ce, kter\u00e1 m\u00e1 smysl<\/p>\n\n\n\n<p>Jsme skupina firem, kter\u00e9 spojuj\u00ed <strong>poctivost, kvalitu a lidskost<\/strong>.<br>\nPracujeme v b\u011b\u017en\u00e9m tr\u017en\u00edm prost\u0159ed\u00ed \u2013 v <strong>manufaktu\u0159e, v\u00fdva\u0159ovn\u011b a jesli\u010dk\u00e1ch<\/strong> \u2013<br>\na z\u00e1rove\u0148 d\u00e1v\u00e1me \u0161anci lidem se <strong>zm\u011bn\u011bnou pracovn\u00ed schopnost\u00ed<\/strong>.<br>\nV\u011b\u0159\u00edme, \u017ee podnik\u00e1n\u00ed m\u016f\u017ee b\u00fdt \u00fasp\u011b\u0161n\u00e9 i lidsk\u00e9 z\u00e1rove\u0148.<\/p>\n","protected":false},"excerpt":{"rendered":"<p>HELEMIK \u2013 pr\u00e1ce, kter\u00e1 m\u00e1 smysl Jsme skupina firem, kter\u00e9 spojuj\u00ed poctivost, kvalitu a lidskost. Pracujeme v b\u011b\u017en\u00e9m tr\u017en\u00edm prost\u0159ed\u00ed \u2013 v manufaktu\u0159e, v\u00fdva\u0159ovn\u011b a jesli\u010dk\u00e1ch \u2013 a z\u00e1rove\u0148 d\u00e1v\u00e1me \u0161anci lidem se zm\u011bn\u011bnou pracovn\u00ed schopnost\u00ed. V\u011b\u0159\u00edme, \u017ee podnik\u00e1n\u00ed m\u016f\u017ee b\u00fdt \u00fasp\u011b\u0161n\u00e9 i lidsk\u00e9 z\u00e1rove\u0148.<\/p>\n","protected":false},"author":1,"featured_media":0,"parent":0,"menu_order":1,"comment_status":"closed","ping_status":"closed","template":"","meta":{"ngg_post_thumbnail":0,"footnotes":""},"class_list":["post-8","page","type-page","status-publish","hentry"],"_links":{"self":[{"href":"https:\/\/www.helemik.cz\/index.php?rest_route=\/wp\/v2\/pages\/8","targetHints":{"allow":["GET"]}}],"collection":[{"href":"https:\/\/www.helemik.cz\/index.php?rest_route=\/wp\/v2\/pages"}],"about":[{"href":"https:\/\/www.helemik.cz\/index.php?rest_route=\/wp\/v2\/types\/page"}],"author":[{"embeddable":true,"href":"https:\/\/www.helemik.cz\/index.php?rest_route=\/wp\/v2\/users\/1"}],"replies":[{"embeddable":true,"href":"https:\/\/www.helemik.cz\/index.php?rest_route=%2Fwp%2Fv2%2Fcomments&post=8"}],"version-history":[{"count":119,"href":"https:\/\/www.helemik.cz\/index.php?rest_route=\/wp\/v2\/pages\/8\/revisions"}],"predecessor-version":[{"id":1231,"href":"https:\/\/www.helemik.cz\/index.php?rest_route=\/wp\/v2\/pages\/8\/revisions\/1231"}],"wp:attachment":[{"href":"https:\/\/www.helemik.cz\/index.php?rest_route=%2Fwp%2Fv2%2Fmedia&parent=8"}],"curies":[{"name":"wp","href":"https:\/\/api.w.org\/{rel}","templated":true}]}}