{"id":1260,"date":"2025-10-09T11:06:55","date_gmt":"2025-10-09T11:06:55","guid":{"rendered":"https:\/\/www.helemik.cz\/?page_id=1260"},"modified":"2025-10-09T14:38:27","modified_gmt":"2025-10-09T14:38:27","slug":"internet","status":"publish","type":"page","link":"https:\/\/www.helemik.cz\/?page_id=1260","title":{"rendered":"internet"},"content":{"rendered":"\n<h2 class=\"wp-block-heading\">Telekomunika\u010dn\u00ed slu\u017eby \u2013 bezdr\u00e1tov\u00fd internet v Krom\u011b\u0159\u00ed\u017ei<\/h2>\n\n\n\n<p>Na\u0161e firma poskytuje <strong>bezdr\u00e1tov\u00e9 internetov\u00e9 p\u0159ipojen\u00ed v Krom\u011b\u0159\u00ed\u017ei<\/strong> u\u017e od roku <strong>2004<\/strong>.<br>V roce <strong>2012<\/strong> jsme prodali majoritn\u00ed \u010d\u00e1st s\u00edt\u011b, ale <strong>internetov\u00e9 slu\u017eby nad\u00e1le zaji\u0161\u0165ujeme<\/strong> \u2013 dnes u\u017e v men\u0161\u00edm, komorn\u011bj\u0161\u00edm m\u011b\u0159\u00edtku.<\/p>\n\n\n\n<p>Zam\u011b\u0159ujeme se p\u0159edev\u0161\u00edm na <strong>dlouholet\u00e9 z\u00e1kazn\u00edky a men\u0161\u00ed podniky<\/strong>, se kter\u00fdmi n\u00e1s spojuje nejen spolupr\u00e1ce, ale \u010dasto i osobn\u00ed vztahy.<br>Sna\u017e\u00edme se o individu\u00e1ln\u00ed p\u0159\u00edstup, spolehliv\u00e9 p\u0159ipojen\u00ed a rychl\u00e9 \u0159e\u0161en\u00ed technick\u00fdch po\u017eadavk\u016f.<\/p>\n\n\n\n<p>Pokud m\u00e1te z\u00e1jem o spolupr\u00e1ci nebo o p\u0159ipojen\u00ed k na\u0161\u00ed s\u00edti, kontaktujte n\u00e1s na:<br>&#x1f4e9; <strong><a>isp@helemik.cz<\/a><\/strong><\/p>\n\n\n\n<p><strong><a href=\"https:\/\/www.helemik.cz\/?page_id=1099\">N\u00e1vrh smlouvy na p\u0159ipojen\u00ed k s\u00edti HELEMIK s.r.o.<\/a><\/strong><\/p>\n","protected":false},"excerpt":{"rendered":"<p>Telekomunika\u010dn\u00ed slu\u017eby \u2013 bezdr\u00e1tov\u00fd internet v Krom\u011b\u0159\u00ed\u017ei Na\u0161e firma poskytuje bezdr\u00e1tov\u00e9 internetov\u00e9 p\u0159ipojen\u00ed v Krom\u011b\u0159\u00ed\u017ei u\u017e od roku 2004.V roce 2012 jsme prodali majoritn\u00ed \u010d\u00e1st s\u00edt\u011b, ale internetov\u00e9 slu\u017eby nad\u00e1le zaji\u0161\u0165ujeme \u2013 dnes u\u017e v men\u0161\u00edm, komorn\u011bj\u0161\u00edm m\u011b\u0159\u00edtku. Zam\u011b\u0159ujeme se p\u0159edev\u0161\u00edm na dlouholet\u00e9 z\u00e1kazn\u00edky a men\u0161\u00ed podniky, se kter\u00fdmi n\u00e1s spojuje nejen spolupr\u00e1ce, ale \u010dasto &hellip; <\/p>\n<p class=\"link-more\"><a href=\"https:\/\/www.helemik.cz\/?page_id=1260\" class=\"more-link\">Pokra\u010dovat ve \u010dten\u00ed<span class=\"screen-reader-text\"> &#8220;internet&#8221;<\/span><\/a><\/p>\n","protected":false},"author":1,"featured_media":0,"parent":0,"menu_order":0,"comment_status":"closed","ping_status":"closed","template":"","meta":{"ngg_post_thumbnail":0,"footnotes":""},"class_list":["post-1260","page","type-page","status-publish","hentry"],"_links":{"self":[{"href":"https:\/\/www.helemik.cz\/index.php?rest_route=\/wp\/v2\/pages\/1260","targetHints":{"allow":["GET"]}}],"collection":[{"href":"https:\/\/www.helemik.cz\/index.php?rest_route=\/wp\/v2\/pages"}],"about":[{"href":"https:\/\/www.helemik.cz\/index.php?rest_route=\/wp\/v2\/types\/page"}],"author":[{"embeddable":true,"href":"https:\/\/www.helemik.cz\/index.php?rest_route=\/wp\/v2\/users\/1"}],"replies":[{"embeddable":true,"href":"https:\/\/www.helemik.cz\/index.php?rest_route=%2Fwp%2Fv2%2Fcomments&post=1260"}],"version-history":[{"count":4,"href":"https:\/\/www.helemik.cz\/index.php?rest_route=\/wp\/v2\/pages\/1260\/revisions"}],"predecessor-version":[{"id":1272,"href":"https:\/\/www.helemik.cz\/index.php?rest_route=\/wp\/v2\/pages\/1260\/revisions\/1272"}],"wp:attachment":[{"href":"https:\/\/www.helemik.cz\/index.php?rest_route=%2Fwp%2Fv2%2Fmedia&parent=1260"}],"curies":[{"name":"wp","href":"https:\/\/api.w.org\/{rel}","templated":true}]}}