{"id":1244,"date":"2025-10-09T10:08:02","date_gmt":"2025-10-09T10:08:02","guid":{"rendered":"https:\/\/www.helemik.cz\/?page_id=1244"},"modified":"2025-10-09T10:21:07","modified_gmt":"2025-10-09T10:21:07","slug":"clanky","status":"publish","type":"page","link":"https:\/\/www.helemik.cz\/?page_id=1244","title":{"rendered":"\u010cl\u00e1nky"},"content":{"rendered":"\n<div class=\"wp-block-group\"><div class=\"wp-block-group__inner-container is-layout-flow wp-block-group-is-layout-flow\">\n<div class=\"wp-block-group\"><div class=\"wp-block-group__inner-container is-layout-flow wp-block-group-is-layout-flow\"><ul class=\"wp-block-latest-posts__list wp-block-latest-posts\"><li><a class=\"wp-block-latest-posts__post-title\" href=\"https:\/\/www.helemik.cz\/?p=1274\">Jak se p\u0159ipravit na pohovor k n\u00e1m do HELEMIKu<\/a><div class=\"wp-block-latest-posts__post-excerpt\">Chcete pracovat v t\u00fdmu, kde va\u0161e pr\u00e1ce m\u00e1 smysl?Jsme soci\u00e1ln\u00ed podnik HELEMIK, kter\u00fd d\u00e1v\u00e1 p\u0159\u00edle\u017eitost lidem se zm\u011bn\u011bnou pracovn\u00ed schopnost\u00ed. Hled\u00e1me kolegy, kte\u0159\u00ed cht\u011bj\u00ed b\u00fdt &hellip; <p class=\"link-more\"><a href=\"https:\/\/www.helemik.cz\/?p=1274\" class=\"more-link\">Pokra\u010dovat ve \u010dten\u00ed<span class=\"screen-reader-text\"> &#8220;Jak se p\u0159ipravit na pohovor k n\u00e1m do HELEMIKu&#8221;<\/span><\/a><\/p><\/div><\/li>\n<li><a class=\"wp-block-latest-posts__post-title\" href=\"https:\/\/www.helemik.cz\/?p=1267\">Pro\u010d je pro OZP lep\u0161\u00ed pracovat v soci\u00e1ln\u00edm podniku ne\u017e v b\u011b\u017en\u00e9 firm\u011b<\/a><div class=\"wp-block-latest-posts__post-excerpt\">Ka\u017ed\u00fd \u010dlov\u011bk chce m\u00edt pr\u00e1ci, kter\u00e1 d\u00e1v\u00e1 smysl. Vst\u00e1t r\u00e1no s pocitem, \u017ee m\u00e1 jeho den n\u011bjak\u00fd c\u00edl. Jen\u017ee pro lidi se zdravotn\u00edm posti\u017een\u00edm to &hellip; <p class=\"link-more\"><a href=\"https:\/\/www.helemik.cz\/?p=1267\" class=\"more-link\">Pokra\u010dovat ve \u010dten\u00ed<span class=\"screen-reader-text\"> &#8220;Pro\u010d je pro OZP lep\u0161\u00ed pracovat v soci\u00e1ln\u00edm podniku ne\u017e v b\u011b\u017en\u00e9 firm\u011b&#8221;<\/span><\/a><\/p><\/div><\/li>\n<li><a class=\"wp-block-latest-posts__post-title\" href=\"https:\/\/www.helemik.cz\/?p=1252\">Pro\u010d jsou normy d\u016fle\u017eit\u00e9 \u2013 i u n\u00e1s v soci\u00e1ln\u00edm podniku<\/a><div class=\"wp-block-latest-posts__post-excerpt\">Ob\u010das n\u011bkdo v pr\u00e1ci \u0159ekne: \u201eV\u017edy\u0165 jsme soci\u00e1ln\u00ed podnik, tady by p\u0159ece nem\u011bly b\u00fdt \u017e\u00e1dn\u00e9 normy!\u201c Rozum\u00edm tomu. V\u0161ichni v\u00edme, \u017ee u n\u00e1s nepracuj\u00ed roboti, &hellip; <p class=\"link-more\"><a href=\"https:\/\/www.helemik.cz\/?p=1252\" class=\"more-link\">Pokra\u010dovat ve \u010dten\u00ed<span class=\"screen-reader-text\"> &#8220;Pro\u010d jsou normy d\u016fle\u017eit\u00e9 \u2013 i u n\u00e1s v soci\u00e1ln\u00edm podniku&#8221;<\/span><\/a><\/p><\/div><\/li>\n<li><a class=\"wp-block-latest-posts__post-title\" href=\"https:\/\/www.helemik.cz\/?p=1250\">Dotace nejsou n\u00e1\u0161 zdroj ob\u017eivy. Jsou jen pomocnou rukou.<\/a><div class=\"wp-block-latest-posts__post-excerpt\">Ob\u010das mezi n\u00e1mi zazn\u00ed, \u017ee \u201ena n\u00e1s podnik bere dotace\u201c, a \u017ee proto vlastn\u011b nen\u00ed nutn\u00e9, abychom vyd\u011bl\u00e1vali nebo byli v\u00fdkonn\u00ed. Je to pochopiteln\u00e9 nedorozum\u011bn\u00ed &hellip; <p class=\"link-more\"><a href=\"https:\/\/www.helemik.cz\/?p=1250\" class=\"more-link\">Pokra\u010dovat ve \u010dten\u00ed<span class=\"screen-reader-text\"> &#8220;Dotace nejsou n\u00e1\u0161 zdroj ob\u017eivy. Jsou jen pomocnou rukou.&#8221;<\/span><\/a><\/p><\/div><\/li>\n<li><a class=\"wp-block-latest-posts__post-title\" href=\"https:\/\/www.helemik.cz\/?p=1247\">Pro\u010d jsme zalo\u017eili soci\u00e1ln\u00ed podnik<\/a><div class=\"wp-block-latest-posts__post-excerpt\">U\u017e del\u0161\u00ed dobu jsem c\u00edtila pot\u0159ebu ps\u00e1t o tom, co pro m\u011b znamen\u00e1 soci\u00e1ln\u00ed podnik\u00e1n\u00ed. Ne jako o pojmu, kter\u00fd se objevuje v dota\u010dn\u00edch formul\u00e1\u0159\u00edch, &hellip; <p class=\"link-more\"><a href=\"https:\/\/www.helemik.cz\/?p=1247\" class=\"more-link\">Pokra\u010dovat ve \u010dten\u00ed<span class=\"screen-reader-text\"> &#8220;Pro\u010d jsme zalo\u017eili soci\u00e1ln\u00ed podnik&#8221;<\/span><\/a><\/p><\/div><\/li>\n<\/ul><\/div><\/div>\n<\/div><\/div>\n","protected":false},"excerpt":{"rendered":"","protected":false},"author":1,"featured_media":0,"parent":0,"menu_order":0,"comment_status":"closed","ping_status":"closed","template":"","meta":{"ngg_post_thumbnail":0,"footnotes":""},"class_list":["post-1244","page","type-page","status-publish","hentry"],"_links":{"self":[{"href":"https:\/\/www.helemik.cz\/index.php?rest_route=\/wp\/v2\/pages\/1244","targetHints":{"allow":["GET"]}}],"collection":[{"href":"https:\/\/www.helemik.cz\/index.php?rest_route=\/wp\/v2\/pages"}],"about":[{"href":"https:\/\/www.helemik.cz\/index.php?rest_route=\/wp\/v2\/types\/page"}],"author":[{"embeddable":true,"href":"https:\/\/www.helemik.cz\/index.php?rest_route=\/wp\/v2\/users\/1"}],"replies":[{"embeddable":true,"href":"https:\/\/www.helemik.cz\/index.php?rest_route=%2Fwp%2Fv2%2Fcomments&post=1244"}],"version-history":[{"count":5,"href":"https:\/\/www.helemik.cz\/index.php?rest_route=\/wp\/v2\/pages\/1244\/revisions"}],"predecessor-version":[{"id":1257,"href":"https:\/\/www.helemik.cz\/index.php?rest_route=\/wp\/v2\/pages\/1244\/revisions\/1257"}],"wp:attachment":[{"href":"https:\/\/www.helemik.cz\/index.php?rest_route=%2Fwp%2Fv2%2Fmedia&parent=1244"}],"curies":[{"name":"wp","href":"https:\/\/api.w.org\/{rel}","templated":true}]}}