{"id":1216,"date":"2025-10-09T09:16:07","date_gmt":"2025-10-09T09:16:07","guid":{"rendered":"https:\/\/www.helemik.cz\/?page_id=1216"},"modified":"2025-10-09T09:40:53","modified_gmt":"2025-10-09T09:40:53","slug":"jeslicky","status":"publish","type":"page","link":"https:\/\/www.helemik.cz\/?page_id=1216","title":{"rendered":"jesli\u010dky"},"content":{"rendered":"\n<h3 class=\"wp-block-heading\">Jak to u n\u00e1s v jesli\u010dk\u00e1ch vypad\u00e1 &#8211; co d\u011bl\u00e1me<\/h3>\n\n\n\n<p>Provozujeme <strong>osm d\u011btsk\u00fdch skupin<\/strong> v <strong>Krom\u011b\u0159\u00ed\u017ei a ve Zl\u00edn\u011b<\/strong>, kde se star\u00e1me o d\u011bti od <strong>p\u016fl roku do t\u0159\u00ed let<\/strong>.<br>\nNa\u0161e jesli\u010dky jsou um\u00edst\u011bn\u00e9 v \u00fatuln\u00fdch bytech, kter\u00e9 p\u0159ipom\u00ednaj\u00ed sp\u00ed\u0161 rodinn\u00e9 prost\u0159ed\u00ed ne\u017e instituci.<br>\nO d\u011bti se staraj\u00ed zku\u0161en\u00e9 ch\u016fvy, kter\u00fdm pom\u00e1haj\u00ed pracovn\u00edci se zm\u011bn\u011bnou pracovn\u00ed schopnost\u00ed.<\/p>\n\n\n\n<p>Jsme <strong>soci\u00e1ln\u00ed podnik<\/strong>, kter\u00fd spojuje p\u00e9\u010di o d\u011bti a z\u00e1rove\u0148 vytv\u00e1\u0159\u00ed pracovn\u00ed p\u0159\u00edle\u017eitosti pro lidi, kte\u0159\u00ed by v b\u011b\u017en\u00e9m pracovn\u00edm prost\u0159ed\u00ed \u010dasto nedostali \u0161anci.<\/p>\n\n\n\n<hr class=\"wp-block-separator\"\/>\n\n\n\n<h3 class=\"wp-block-heading\">Jak to u n\u00e1s funguje<\/h3>\n\n\n\n<p>Na\u0161i zam\u011bstnanci se zm\u011bn\u011bnou pracovn\u00ed schopnost\u00ed p\u016fsob\u00ed na r\u016fzn\u00fdch pracovn\u00edch pozic\u00edch \u2013<br>\n<strong>pomocn\u00e9 ch\u016fvy, \u0161koln\u00edci, pracovnice \u00faklidu a v\u00fddeje stravy<\/strong>.<\/p>\n\n\n\n<p>Jejich pr\u00e1ce zahrnuje:<\/p>\n\n\n\n<ul class=\"wp-block-list\"><li>\n<strong>p\u0159evl\u00e9k\u00e1n\u00ed d\u011bt\u00ed a pomoc p\u0159i hygien\u011b<\/strong>,\n<\/li><li>\n<strong>podporu p\u0159i hr\u00e1ch a \u0159\u00edzen\u00fdch \u010dinnostech<\/strong>,\n<\/li><li>\n<strong>doprovod d\u011bt\u00ed na proch\u00e1zk\u00e1ch s ko\u010d\u00e1rky<\/strong>,\n<\/li><li>\n<strong>pomoc p\u0159i usp\u00e1v\u00e1n\u00ed<\/strong>,\n<\/li><li>\n<strong>vyd\u00e1v\u00e1n\u00ed stravy<\/strong>,\n<\/li><li>\n<strong>\u00faklid a p\u00e9\u010di o prostory i zahradu<\/strong>,\n<\/li><li>\n<strong>dovoz ob\u011bd\u016f<\/strong>.\n<\/li><\/ul>\n\n\n\n<p>Cel\u00fd provoz \u0159\u00edd\u00ed <strong>\u0159editelka Jesli\u010dek<\/strong> ve spolupr\u00e1ci s <strong>hlavn\u00edmi ch\u016fvami<\/strong>, kter\u00e9 organizuj\u00ed pr\u00e1ci, zaji\u0161\u0165uj\u00ed kvalitu p\u00e9\u010de a pom\u00e1haj\u00ed p\u0159i zau\u010den\u00ed nov\u00fdch pracovn\u00edk\u016f.<\/p>\n\n\n\n<p>Ka\u017ed\u00e9 pracovn\u00ed m\u00edsto je <strong>upraven\u00e9 podle zdravotn\u00edho stavu<\/strong> konkr\u00e9tn\u00edho zam\u011bstnance.<br>\nU pracovn\u00edk\u016f v jesl\u00edch je ale z\u00e1rove\u0148 nutn\u00e9, aby <strong>z\u00e1vodn\u00ed l\u00e9ka\u0159 potvrdil<\/strong>, \u017ee jejich zdravotn\u00ed i psychick\u00fd stav umo\u017e\u0148uje pr\u00e1ci s nejmen\u0161\u00edmi d\u011btmi.<\/p>\n\n\n\n<hr class=\"wp-block-separator\"\/>\n\n\n\n<h3 class=\"wp-block-heading\">Kdo k n\u00e1m pat\u0159\u00ed<\/h3>\n\n\n\n<p>P\u0159i pr\u00e1ci v jesl\u00edch pro n\u00e1s <strong>nen\u00ed nejd\u016fle\u017eit\u011bj\u0161\u00ed vzd\u011bl\u00e1n\u00ed, ale \u010dlov\u011bk samotn\u00fd<\/strong>.<br>\nHled\u00e1me lidi, kte\u0159\u00ed maj\u00ed <strong>v\u0159el\u00fd vztah k d\u011btem, trp\u011blivost, zodpov\u011bdnost a srdce na prav\u00e9m m\u00edst\u011b<\/strong>.<br>\nV\u011b\u0159\u00edme, \u017ee takov\u00ed lid\u00e9 dok\u00e1\u017eou vytvo\u0159it prost\u0159ed\u00ed, kde se d\u011bti c\u00edt\u00ed v bezpe\u010d\u00ed, s radost\u00ed pozn\u00e1vaj\u00ed sv\u011bt a u\u010d\u00ed se d\u016fv\u011b\u0159e.<\/p>\n\n\n\n<hr class=\"wp-block-separator\"\/>\n\n\n\n<h3 class=\"wp-block-heading\">F\u00e9rov\u00e9 zam\u011bstn\u00e1n\u00ed<\/h3>\n\n\n\n<p>V\u0161ichni na\u0161i zam\u011bstnanci pracuj\u00ed na z\u00e1klad\u011b <strong>b\u011b\u017en\u00e9 pracovn\u00ed smlouvy<\/strong> podle <strong>z\u00e1kon\u00edku pr\u00e1ce<\/strong>.<br>\nMaj\u00ed jistotu stabiln\u00edho zam\u011bstn\u00e1n\u00ed, f\u00e9rov\u00e9ho p\u0159\u00edstupu a respektu.<br>\nZdrav\u00ed i lid\u00e9 se zdravotn\u00edm omezen\u00edm tvo\u0159\u00ed jeden t\u00fdm \u2013 ka\u017ed\u00fd p\u0159in\u00e1\u0161\u00ed do pr\u00e1ce n\u011bco jedine\u010dn\u00e9ho.<\/p>\n\n\n\n<hr class=\"wp-block-separator\"\/>\n\n\n\n<h3 class=\"wp-block-heading\">Na\u0161e filozofie<\/h3>\n\n\n\n<p>Na\u0161e jesli\u010dky nejsou jen m\u00edstem, kde se hl\u00eddaj\u00ed d\u011bti.<br>\nJsou to <strong>mal\u00e9 domovy pln\u00e9 laskavosti, trp\u011blivosti a lidskosti<\/strong>.<br>\nV\u011b\u0159\u00edme, \u017ee i d\u00edky propojen\u00ed s lidmi se zdravotn\u00edm posti\u017een\u00edm d\u00e1v\u00e1 na\u0161e pr\u00e1ce hlub\u0161\u00ed smysl \u2013 u\u010d\u00ed n\u00e1s vz\u00e1jemn\u00e9 pomoci, pochopen\u00ed a poko\u0159e.<\/p>\n\n\n\n<p><em>D\u00e1v\u00e1me p\u00e9\u010di smysl.<\/em><\/p>\n","protected":false},"excerpt":{"rendered":"<p>Jak to u n\u00e1s v jesli\u010dk\u00e1ch vypad\u00e1 &#8211; co d\u011bl\u00e1me Provozujeme osm d\u011btsk\u00fdch skupin v Krom\u011b\u0159\u00ed\u017ei a ve Zl\u00edn\u011b, kde se star\u00e1me o d\u011bti od p\u016fl roku do t\u0159\u00ed let. Na\u0161e jesli\u010dky jsou um\u00edst\u011bn\u00e9 v \u00fatuln\u00fdch bytech, kter\u00e9 p\u0159ipom\u00ednaj\u00ed sp\u00ed\u0161 rodinn\u00e9 prost\u0159ed\u00ed ne\u017e instituci. O d\u011bti se staraj\u00ed zku\u0161en\u00e9 ch\u016fvy, kter\u00fdm pom\u00e1haj\u00ed pracovn\u00edci se zm\u011bn\u011bnou &hellip; <\/p>\n<p class=\"link-more\"><a href=\"https:\/\/www.helemik.cz\/?page_id=1216\" class=\"more-link\">Pokra\u010dovat ve \u010dten\u00ed<span class=\"screen-reader-text\"> &#8220;jesli\u010dky&#8221;<\/span><\/a><\/p>\n","protected":false},"author":1,"featured_media":0,"parent":0,"menu_order":0,"comment_status":"closed","ping_status":"closed","template":"","meta":{"ngg_post_thumbnail":0,"footnotes":""},"class_list":["post-1216","page","type-page","status-publish","hentry"],"_links":{"self":[{"href":"https:\/\/www.helemik.cz\/index.php?rest_route=\/wp\/v2\/pages\/1216","targetHints":{"allow":["GET"]}}],"collection":[{"href":"https:\/\/www.helemik.cz\/index.php?rest_route=\/wp\/v2\/pages"}],"about":[{"href":"https:\/\/www.helemik.cz\/index.php?rest_route=\/wp\/v2\/types\/page"}],"author":[{"embeddable":true,"href":"https:\/\/www.helemik.cz\/index.php?rest_route=\/wp\/v2\/users\/1"}],"replies":[{"embeddable":true,"href":"https:\/\/www.helemik.cz\/index.php?rest_route=%2Fwp%2Fv2%2Fcomments&post=1216"}],"version-history":[{"count":2,"href":"https:\/\/www.helemik.cz\/index.php?rest_route=\/wp\/v2\/pages\/1216\/revisions"}],"predecessor-version":[{"id":1226,"href":"https:\/\/www.helemik.cz\/index.php?rest_route=\/wp\/v2\/pages\/1216\/revisions\/1226"}],"wp:attachment":[{"href":"https:\/\/www.helemik.cz\/index.php?rest_route=%2Fwp%2Fv2%2Fmedia&parent=1216"}],"curies":[{"name":"wp","href":"https:\/\/api.w.org\/{rel}","templated":true}]}}