{"id":1099,"date":"2021-01-29T10:20:11","date_gmt":"2021-01-29T10:20:11","guid":{"rendered":"https:\/\/www.helemik.cz\/?page_id=1099"},"modified":"2024-02-07T09:13:40","modified_gmt":"2024-02-07T09:13:40","slug":"navrh-smlouvy-na-pripojeni-k-siti-helemik-s-r-o","status":"publish","type":"page","link":"https:\/\/www.helemik.cz\/?page_id=1099","title":{"rendered":"N\u00e1vrh smlouvy na p\u0159ipojen\u00ed k s\u00edti HELEMIK s.r.o."},"content":{"rendered":"\n<p><a href=\"https:\/\/www.helemik.cz\/wp-content\/uploads\/wpcf7_uploads\/smlouva-vzor.pdf\">https:\/\/www.helemik.cz\/wp-content\/uploads\/wpcf7_uploads\/smlouva-vzor.pdf<\/a><\/p>\n\n\n\n<p><strong>Ozn\u00e1men\u00ed typ\u016f rozhran\u00ed s\u00edt\u011b:<\/strong><\/p>\n\n\n\n<p><a href=\"https:\/\/www.helemik.cz\/wp-content\/uploads\/wpcf7_uploads\/Podporovana_rozhrani_-pro_pripojeni_k_siti_helemik.pdf\">https:\/\/www.helemik.cz\/wp-content\/uploads\/wpcf7_uploads\/Podporovana_rozhrani_-pro_pripojeni_k_siti_helemik.pdf<\/a><\/p>\n\n\n\n<p><strong>Z\u00e1sady zpracov\u00e1n\u00ed osobn\u00edch \u00fadaj\u016f:<\/strong><\/p>\n\n\n\n<p><a href=\"https:\/\/www.helemik.cz\/wp-content\/uploads\/wpcf7_uploads\/zasady_zpracovani_osobnich_udaju.pdf\">https:\/\/www.helemik.cz\/wp-content\/uploads\/wpcf7_uploads\/zasady_zpracovani_osobnich_udaju.pdf<\/a><\/p>\n\n\n\n<p><strong>Cen\u00edk:<\/strong><\/p>\n\n\n\n<p><a href=\"https:\/\/www.helemik.cz\/wp-content\/uploads\/wpcf7_uploads\/cenik.pdf\">https:\/\/www.helemik.cz\/wp-content\/uploads\/wpcf7_uploads\/cenik.pdf<\/a><\/p>\n\n\n\n<p><strong>Zm\u011bna poskytovatele slu\u017eby:<\/strong><\/p>\n\n\n\n<p><a href=\"https:\/\/www.helemik.cz\/wp-content\/uploads\/wpcf7_uploads\/zmena_poskytovatele.pdf\">https:\/\/www.helemik.cz\/wp-content\/uploads\/wpcf7_uploads\/zmena_poskytovatele.pdf<\/a><\/p>\n\n\n\n<p>Dan\u00e9 dokumenty jsou k dispozici a je d\u016fle\u017eit\u00e9 si je st\u00e1hnout pro \u00fa\u010dely dokumentace, pozd\u011bj\u0161\u00edho pou\u017eit\u00ed a reprodukce v nezm\u011bn\u011bn\u00e9 podob\u011b.<\/p>\n","protected":false},"excerpt":{"rendered":"<p>https:\/\/www.helemik.cz\/wp-content\/uploads\/wpcf7_uploads\/smlouva-vzor.pdf Ozn\u00e1men\u00ed typ\u016f rozhran\u00ed s\u00edt\u011b: https:\/\/www.helemik.cz\/wp-content\/uploads\/wpcf7_uploads\/Podporovana_rozhrani_-pro_pripojeni_k_siti_helemik.pdf Z\u00e1sady zpracov\u00e1n\u00ed osobn\u00edch \u00fadaj\u016f: https:\/\/www.helemik.cz\/wp-content\/uploads\/wpcf7_uploads\/zasady_zpracovani_osobnich_udaju.pdf Cen\u00edk: https:\/\/www.helemik.cz\/wp-content\/uploads\/wpcf7_uploads\/cenik.pdf Zm\u011bna poskytovatele slu\u017eby: https:\/\/www.helemik.cz\/wp-content\/uploads\/wpcf7_uploads\/zmena_poskytovatele.pdf Dan\u00e9 dokumenty jsou k dispozici a je d\u016fle\u017eit\u00e9 si je st\u00e1hnout pro \u00fa\u010dely dokumentace, pozd\u011bj\u0161\u00edho pou\u017eit\u00ed a reprodukce v nezm\u011bn\u011bn\u00e9 podob\u011b.<\/p>\n","protected":false},"author":1,"featured_media":0,"parent":0,"menu_order":0,"comment_status":"closed","ping_status":"closed","template":"","meta":{"ngg_post_thumbnail":0,"footnotes":""},"class_list":["post-1099","page","type-page","status-publish","hentry"],"_links":{"self":[{"href":"https:\/\/www.helemik.cz\/index.php?rest_route=\/wp\/v2\/pages\/1099","targetHints":{"allow":["GET"]}}],"collection":[{"href":"https:\/\/www.helemik.cz\/index.php?rest_route=\/wp\/v2\/pages"}],"about":[{"href":"https:\/\/www.helemik.cz\/index.php?rest_route=\/wp\/v2\/types\/page"}],"author":[{"embeddable":true,"href":"https:\/\/www.helemik.cz\/index.php?rest_route=\/wp\/v2\/users\/1"}],"replies":[{"embeddable":true,"href":"https:\/\/www.helemik.cz\/index.php?rest_route=%2Fwp%2Fv2%2Fcomments&post=1099"}],"version-history":[{"count":13,"href":"https:\/\/www.helemik.cz\/index.php?rest_route=\/wp\/v2\/pages\/1099\/revisions"}],"predecessor-version":[{"id":1155,"href":"https:\/\/www.helemik.cz\/index.php?rest_route=\/wp\/v2\/pages\/1099\/revisions\/1155"}],"wp:attachment":[{"href":"https:\/\/www.helemik.cz\/index.php?rest_route=%2Fwp%2Fv2%2Fmedia&parent=1099"}],"curies":[{"name":"wp","href":"https:\/\/api.w.org\/{rel}","templated":true}]}}