{"id":1044,"date":"2018-05-16T20:04:57","date_gmt":"2018-05-16T20:04:57","guid":{"rendered":"http:\/\/www.helemik.cz\/?page_id=1044"},"modified":"2018-05-16T20:06:15","modified_gmt":"2018-05-16T20:06:15","slug":"odborne-praxe-pro-mlade-do-30-let-ve-zlinskem-kraji","status":"publish","type":"page","link":"https:\/\/www.helemik.cz\/?page_id=1044","title":{"rendered":"Odborn\u00e9 praxe pro mlad\u00e9 do 30 let ve Zl\u00ednsk\u00e9m kraji"},"content":{"rendered":"<p><img loading=\"lazy\" decoding=\"async\" class=\"ngg-singlepic ngg-center\" src=\"http:\/\/www.helemik.cz\/wp-content\/gallery\/obrazky\/logo-EU.jpg\" alt=\"logo EU\" width=\"946\" height=\"82\" \/><\/p>\n<p>Na\u0161e spole\u010dnost \u010derpala (11\/2014 \u2013 6\/2015) finan\u010dn\u00ed p\u0159\u00edsp\u011bvek na osobn\u00ed n\u00e1klady nov\u00e9ho zam\u011bstnance z projektu \u201eOdborn\u00e1 praxe pro mlad\u00e9 do 30 let ve Zl\u00ednsk\u00e9m kraji\u201c. Tento projekt je financov\u00e1n z 85% z prost\u0159edk\u016f ESF prost\u0159ednictv\u00edm Opera\u010dn\u00edho programu Lidsk\u00e9 zdroje a zam\u011bstnanost a z 15% z prost\u0159edk\u016f st\u00e1tn\u00edho rozpo\u010dtu \u010cR.<\/p>\n<p>&nbsp;<\/p>\n","protected":false},"excerpt":{"rendered":"<p>Na\u0161e spole\u010dnost \u010derpala (11\/2014 \u2013 6\/2015) finan\u010dn\u00ed p\u0159\u00edsp\u011bvek na osobn\u00ed n\u00e1klady nov\u00e9ho zam\u011bstnance z projektu \u201eOdborn\u00e1 praxe pro mlad\u00e9 do 30 let ve Zl\u00ednsk\u00e9m kraji\u201c. Tento projekt je financov\u00e1n z 85% z prost\u0159edk\u016f ESF prost\u0159ednictv\u00edm Opera\u010dn\u00edho programu Lidsk\u00e9 zdroje a zam\u011bstnanost a z 15% z prost\u0159edk\u016f st\u00e1tn\u00edho rozpo\u010dtu \u010cR. &nbsp;<\/p>\n","protected":false},"author":1,"featured_media":0,"parent":0,"menu_order":0,"comment_status":"closed","ping_status":"closed","template":"","meta":{"ngg_post_thumbnail":0,"footnotes":""},"class_list":["post-1044","page","type-page","status-publish","hentry"],"_links":{"self":[{"href":"https:\/\/www.helemik.cz\/index.php?rest_route=\/wp\/v2\/pages\/1044","targetHints":{"allow":["GET"]}}],"collection":[{"href":"https:\/\/www.helemik.cz\/index.php?rest_route=\/wp\/v2\/pages"}],"about":[{"href":"https:\/\/www.helemik.cz\/index.php?rest_route=\/wp\/v2\/types\/page"}],"author":[{"embeddable":true,"href":"https:\/\/www.helemik.cz\/index.php?rest_route=\/wp\/v2\/users\/1"}],"replies":[{"embeddable":true,"href":"https:\/\/www.helemik.cz\/index.php?rest_route=%2Fwp%2Fv2%2Fcomments&post=1044"}],"version-history":[{"count":2,"href":"https:\/\/www.helemik.cz\/index.php?rest_route=\/wp\/v2\/pages\/1044\/revisions"}],"predecessor-version":[{"id":1051,"href":"https:\/\/www.helemik.cz\/index.php?rest_route=\/wp\/v2\/pages\/1044\/revisions\/1051"}],"wp:attachment":[{"href":"https:\/\/www.helemik.cz\/index.php?rest_route=%2Fwp%2Fv2%2Fmedia&parent=1044"}],"curies":[{"name":"wp","href":"https:\/\/api.w.org\/{rel}","templated":true}]}}