{"id":10,"date":"2014-03-02T19:53:08","date_gmt":"2014-03-02T19:53:08","guid":{"rendered":"http:\/\/www.helemik.cz\/?page_id=10"},"modified":"2025-10-09T09:52:26","modified_gmt":"2025-10-09T09:52:26","slug":"moznosti-spoluprace","status":"publish","type":"page","link":"https:\/\/www.helemik.cz\/?page_id=10","title":{"rendered":"Spolupr\u00e1ce"},"content":{"rendered":"<p data-start=\"411\" data-end=\"628\">V r\u00e1mci skupiny <strong data-start=\"427\" data-end=\"438\">HELEMIK<\/strong> nab\u00edz\u00edme spolupr\u00e1ci v n\u011bkolika oblastech podnik\u00e1n\u00ed.<img loading=\"lazy\" decoding=\"async\" class=\" wp-image-1032 alignright\" src=\"http:\/\/www.helemik.cz\/wp-content\/uploads\/wpcf7_uploads\/shutterstock_1059940286-300x300.jpg\" alt=\"\" width=\"269\" height=\"269\" srcset=\"https:\/\/www.helemik.cz\/wp-content\/uploads\/wpcf7_uploads\/shutterstock_1059940286-300x300.jpg 300w, https:\/\/www.helemik.cz\/wp-content\/uploads\/wpcf7_uploads\/shutterstock_1059940286-150x150.jpg 150w, https:\/\/www.helemik.cz\/wp-content\/uploads\/wpcf7_uploads\/shutterstock_1059940286-768x768.jpg 768w, https:\/\/www.helemik.cz\/wp-content\/uploads\/wpcf7_uploads\/shutterstock_1059940286-1024x1024.jpg 1024w, https:\/\/www.helemik.cz\/wp-content\/uploads\/wpcf7_uploads\/shutterstock_1059940286-100x100.jpg 100w, https:\/\/www.helemik.cz\/wp-content\/uploads\/wpcf7_uploads\/shutterstock_1059940286.jpg 1080w\" sizes=\"auto, (max-width: 269px) 100vw, 269px\" \/><br data-start=\"490\" data-end=\"493\">Jsme otev\u0159eni <strong data-start=\"507\" data-end=\"559\">nov\u00fdm obchodn\u00edm partner\u016fm z \u010ceska i ze zahrani\u010d\u00ed<\/strong>, kte\u0159\u00ed hledaj\u00ed spolehliv\u00e9ho dodavatele, p\u0159esnost a poctivou pr\u00e1ci.<\/p>\n<p data-start=\"630\" data-end=\"649\">Zam\u011b\u0159ujeme se na:<\/p>\n<ul data-start=\"650\" data-end=\"1125\">\n<li data-start=\"650\" data-end=\"726\">\n<p data-start=\"652\" data-end=\"726\"><strong data-start=\"652\" data-end=\"698\">opracov\u00e1n\u00ed a kompletaci plastov\u00fdch v\u00fdrobk\u016f<\/strong> pro automobilov\u00fd pr\u016fmysl,<\/p>\n<\/li>\n<li data-start=\"727\" data-end=\"799\">\n<p data-start=\"729\" data-end=\"799\"><strong data-start=\"729\" data-end=\"758\">mont\u00e1\u017en\u00ed a d\u00edlensk\u00e9 pr\u00e1ce<\/strong> pro st\u0159edn\u011b velk\u00e9 i velk\u00e9 spole\u010dnosti,<\/p>\n<\/li>\n<li data-start=\"800\" data-end=\"1015\">\n<p data-start=\"802\" data-end=\"1015\"><strong data-start=\"802\" data-end=\"827\">velkoobchodn\u00ed \u010dinnost<\/strong> \u2013 kancel\u00e1\u0159sk\u00e9 a pap\u00edrensk\u00e9 zbo\u017e\u00ed,<br data-start=\"861\" data-end=\"864\"><strong data-start=\"866\" data-end=\"897\">ochrann\u00e9 a pracovn\u00ed pom\u016fcky<\/strong>, <strong data-start=\"899\" data-end=\"917\">pracovn\u00ed od\u011bvy<\/strong>, <strong data-start=\"919\" data-end=\"940\">drogistick\u00e9 zbo\u017e\u00ed<\/strong>,<br data-start=\"941\" data-end=\"944\"><strong data-start=\"946\" data-end=\"988\">u\u010debnice, skripta, odbornou literaturu<\/strong> a <strong data-start=\"991\" data-end=\"1012\">reklamn\u00ed p\u0159edm\u011bty<\/strong>,<\/p>\n<\/li>\n<li data-start=\"1016\" data-end=\"1071\">\n<p data-start=\"1018\" data-end=\"1071\"><strong data-start=\"1018\" data-end=\"1039\">stravovac\u00ed slu\u017eby<\/strong> pro \u0161koly, podniky a seniory,<\/p>\n<\/li>\n<li data-start=\"1072\" data-end=\"1125\">\n<p data-start=\"1074\" data-end=\"1125\"><strong data-start=\"1074\" data-end=\"1089\">p\u00e9\u010di o d\u011bti<\/strong> v na\u0161ich osmi d\u011btsk\u00fdch skupin\u00e1ch.<\/p>\n<\/li>\n<\/ul>\n<p data-start=\"1127\" data-end=\"1382\">Na\u0161e provozy funguj\u00ed v b\u011b\u017en\u00e9m tr\u017en\u00edm prost\u0159ed\u00ed \u2013 stejn\u011b jako jak\u00e1koli jin\u00e1 firma.<br data-start=\"1208\" data-end=\"1211\">Z\u00e1rove\u0148 jsme ale <strong data-start=\"1228\" data-end=\"1247\">soci\u00e1ln\u00ed podnik<\/strong>, kter\u00fd d\u00e1v\u00e1 pr\u00e1ci lidem se zm\u011bn\u011bnou pracovn\u00ed schopnost\u00ed.<br data-start=\"1304\" data-end=\"1307\">D\u00edky tomu spojujeme <strong data-start=\"1327\" data-end=\"1379\">spolehlivost, kvalitu a spole\u010denskou odpov\u011bdnost<\/strong>.<\/p>\n<p data-start=\"1384\" data-end=\"1520\">Pokud v\u00e1s na\u0161e \u010dinnost zaujala, budeme r\u00e1di, kdy\u017e se n\u00e1m ozvete.<br data-start=\"1448\" data-end=\"1451\">T\u011b\u0161\u00edme se na <strong data-start=\"1464\" data-end=\"1519\">nov\u00e9 obchodn\u00ed p\u0159\u00edle\u017eitosti a dlouhodob\u00e9 partnerstv\u00ed<\/strong>.<\/p>\n<p style=\"text-align: justify;\">&nbsp;<\/p>\n","protected":false},"excerpt":{"rendered":"<p>V r\u00e1mci skupiny HELEMIK nab\u00edz\u00edme spolupr\u00e1ci v n\u011bkolika oblastech podnik\u00e1n\u00ed.Jsme otev\u0159eni nov\u00fdm obchodn\u00edm partner\u016fm z \u010ceska i ze zahrani\u010d\u00ed, kte\u0159\u00ed hledaj\u00ed spolehliv\u00e9ho dodavatele, p\u0159esnost a poctivou pr\u00e1ci. Zam\u011b\u0159ujeme se na: opracov\u00e1n\u00ed a kompletaci plastov\u00fdch v\u00fdrobk\u016f pro automobilov\u00fd pr\u016fmysl, mont\u00e1\u017en\u00ed a d\u00edlensk\u00e9 pr\u00e1ce pro st\u0159edn\u011b velk\u00e9 i velk\u00e9 spole\u010dnosti, velkoobchodn\u00ed \u010dinnost \u2013 kancel\u00e1\u0159sk\u00e9 a pap\u00edrensk\u00e9 zbo\u017e\u00ed,ochrann\u00e9 &hellip; <\/p>\n<p class=\"link-more\"><a href=\"https:\/\/www.helemik.cz\/?page_id=10\" class=\"more-link\">Pokra\u010dovat ve \u010dten\u00ed<span class=\"screen-reader-text\"> &#8220;Spolupr\u00e1ce&#8221;<\/span><\/a><\/p>\n","protected":false},"author":1,"featured_media":0,"parent":8,"menu_order":3,"comment_status":"closed","ping_status":"open","template":"","meta":{"ngg_post_thumbnail":0,"footnotes":""},"class_list":["post-10","page","type-page","status-publish","hentry"],"_links":{"self":[{"href":"https:\/\/www.helemik.cz\/index.php?rest_route=\/wp\/v2\/pages\/10","targetHints":{"allow":["GET"]}}],"collection":[{"href":"https:\/\/www.helemik.cz\/index.php?rest_route=\/wp\/v2\/pages"}],"about":[{"href":"https:\/\/www.helemik.cz\/index.php?rest_route=\/wp\/v2\/types\/page"}],"author":[{"embeddable":true,"href":"https:\/\/www.helemik.cz\/index.php?rest_route=\/wp\/v2\/users\/1"}],"replies":[{"embeddable":true,"href":"https:\/\/www.helemik.cz\/index.php?rest_route=%2Fwp%2Fv2%2Fcomments&post=10"}],"version-history":[{"count":24,"href":"https:\/\/www.helemik.cz\/index.php?rest_route=\/wp\/v2\/pages\/10\/revisions"}],"predecessor-version":[{"id":1234,"href":"https:\/\/www.helemik.cz\/index.php?rest_route=\/wp\/v2\/pages\/10\/revisions\/1234"}],"up":[{"embeddable":true,"href":"https:\/\/www.helemik.cz\/index.php?rest_route=\/wp\/v2\/pages\/8"}],"wp:attachment":[{"href":"https:\/\/www.helemik.cz\/index.php?rest_route=%2Fwp%2Fv2%2Fmedia&parent=10"}],"curies":[{"name":"wp","href":"https:\/\/api.w.org\/{rel}","templated":true}]}}